{"id":1227,"date":"2018-02-02T13:51:24","date_gmt":"2018-02-02T11:51:24","guid":{"rendered":"http:\/\/platogranollers.cat\/nova\/gestio-despais-per-a-rodatgesgestion-de-espacios-para-rodajes\/"},"modified":"2019-04-24T11:25:03","modified_gmt":"2019-04-24T09:25:03","slug":"gestio-despais-per-a-rodatgesgestion-de-espacios-para-rodajes","status":"publish","type":"page","link":"https:\/\/platogranollers.cat\/es\/gestio-despais-per-a-rodatgesgestion-de-espacios-para-rodajes\/","title":{"rendered":"Gesti\u00f3n de espacios"},"content":{"rendered":"<p>Nuestra empresa gestiona diferentes espacios p\u00fablicos i privados para facilitar a la propiedad, por un lado, i a localizadores por el otro, la gesti\u00f3n de localizaciones para rodajes publicitarios, cine, fotograf\u00eda, televisi\u00f3n&#8230;<\/p>\n<p>Si tienes un espacio en propiedad i quieres aparecer en nuestra base de datos, rellena el siguiente formulario i nos pondremos en contacto.<\/p>\n<p>Si tienes alguna duda ll\u00e1manos: \u00a0 93 840 06 33 \u00a0&#8211; \u00a0609 775 829<\/p>\n","protected":false},"excerpt":{"rendered":"<p>Nuestra empresa gestiona diferentes espacios p\u00fablicos i privados para facilitar a la propiedad, por un lado, i a localizadores por el otro, la gesti\u00f3n de localizaciones para rodajes publicitarios, cine, fotograf\u00eda, televisi\u00f3n&#8230; Si tienes un espacio en propiedad i quieres aparecer en nuestra base de datos, rellena el siguiente formulario i nos pondremos en contacto. &hellip; <a href=\"https:\/\/platogranollers.cat\/es\/gestio-despais-per-a-rodatgesgestion-de-espacios-para-rodajes\/\" class=\"more-link\">Seguir leyendo <span class=\"screen-reader-text\">Gesti\u00f3n de espacios<\/span> <span class=\"meta-nav\">&rarr;<\/span><\/a><\/p>\n","protected":false},"author":1,"featured_media":0,"parent":0,"menu_order":0,"comment_status":"closed","ping_status":"closed","template":"","meta":{"_acf_changed":false,"footnotes":""},"class_list":["post-1227","page","type-page","status-publish","hentry"],"acf":[],"_links":{"self":[{"href":"https:\/\/platogranollers.cat\/es\/wp-json\/wp\/v2\/pages\/1227","targetHints":{"allow":["GET"]}}],"collection":[{"href":"https:\/\/platogranollers.cat\/es\/wp-json\/wp\/v2\/pages"}],"about":[{"href":"https:\/\/platogranollers.cat\/es\/wp-json\/wp\/v2\/types\/page"}],"author":[{"embeddable":true,"href":"https:\/\/platogranollers.cat\/es\/wp-json\/wp\/v2\/users\/1"}],"replies":[{"embeddable":true,"href":"https:\/\/platogranollers.cat\/es\/wp-json\/wp\/v2\/comments?post=1227"}],"version-history":[{"count":4,"href":"https:\/\/platogranollers.cat\/es\/wp-json\/wp\/v2\/pages\/1227\/revisions"}],"predecessor-version":[{"id":1242,"href":"https:\/\/platogranollers.cat\/es\/wp-json\/wp\/v2\/pages\/1227\/revisions\/1242"}],"wp:attachment":[{"href":"https:\/\/platogranollers.cat\/es\/wp-json\/wp\/v2\/media?parent=1227"}],"curies":[{"name":"wp","href":"https:\/\/api.w.org\/{rel}","templated":true}]}}