{"id":1232,"date":"2018-02-02T13:52:01","date_gmt":"2018-02-02T11:52:01","guid":{"rendered":"http:\/\/platogranollers.cat\/nova\/gestio-despais-per-a-rodatges-i-publicitat-localitzacions\/"},"modified":"2019-04-24T13:34:06","modified_gmt":"2019-04-24T11:34:06","slug":"quienes-somos-y-que-hacemos","status":"publish","type":"page","link":"https:\/\/platogranollers.cat\/es\/quienes-somos-y-que-hacemos\/","title":{"rendered":"QUI\u00c9NES SOMOS Y QU\u00c9 HACEMOS"},"content":{"rendered":"<p>Plat\u00f3 Granollers o Plat\u00f3 Barcelona, decidle como quer\u00e1is, es m\u00e1s que un plat\u00f3 de cine, es un plat\u00f3 de televisi\u00f3n, incluso de fotograf\u00eda. Son espacios de rodaje dentro de una antigua f\u00e1brica textil, a menos de 20 minutos de Barcelona, donde dispondr\u00e9is de espacios de rodaje en naves di\u00e1fanas, antiguas centrales t\u00e9rmicas de energ\u00eda, ideal para rodar cine, rodar spots, rodar videoclips&#8230; son ubicaciones \u00fanicas para localizadores, productoras, productores audiovisuales&#8230;<br \/>\nTodas las facilidades para que vuestras producciones sean un \u00e9xito i los costes contenidos.<\/p>\n<p>Plat\u00f3 Granollers Barcelona, ofrece a todos los que quer\u00e1is trabajar, amplios espacios de producci\u00f3n, sala de maquillaje, parking, acceso a descarga a pie de plat\u00f3 i unos precios de plat\u00f3 i alquiler de espacios de rodaje inmejorables.<\/p>\n<p>En Plat\u00f3 Granollers Barcelona disponemos de personal para ayudaros en vuestras producciones, plataformas elevadoras, iluminaci\u00f3n, c\u00e1maras&#8230; Acci\u00f3n!!!<\/p>\n<p class=\"p1\">Os esperamos!<\/p>\n","protected":false},"excerpt":{"rendered":"<p>Plat\u00f3 Granollers o Plat\u00f3 Barcelona, decidle como quer\u00e1is, es m\u00e1s que un plat\u00f3 de cine, es un plat\u00f3 de televisi\u00f3n, incluso de fotograf\u00eda. Son espacios de rodaje dentro de una antigua f\u00e1brica textil, a menos de 20 minutos de Barcelona, donde dispondr\u00e9is de espacios de rodaje en naves di\u00e1fanas, antiguas centrales t\u00e9rmicas de energ\u00eda, ideal &hellip; <a href=\"https:\/\/platogranollers.cat\/es\/quienes-somos-y-que-hacemos\/\" class=\"more-link\">Seguir leyendo <span class=\"screen-reader-text\">QUI\u00c9NES SOMOS Y QU\u00c9 HACEMOS<\/span> <span class=\"meta-nav\">&rarr;<\/span><\/a><\/p>\n","protected":false},"author":1,"featured_media":0,"parent":0,"menu_order":0,"comment_status":"closed","ping_status":"closed","template":"page-contactar.php","meta":{"_acf_changed":false,"footnotes":""},"class_list":["post-1232","page","type-page","status-publish","hentry"],"acf":[],"_links":{"self":[{"href":"https:\/\/platogranollers.cat\/es\/wp-json\/wp\/v2\/pages\/1232","targetHints":{"allow":["GET"]}}],"collection":[{"href":"https:\/\/platogranollers.cat\/es\/wp-json\/wp\/v2\/pages"}],"about":[{"href":"https:\/\/platogranollers.cat\/es\/wp-json\/wp\/v2\/types\/page"}],"author":[{"embeddable":true,"href":"https:\/\/platogranollers.cat\/es\/wp-json\/wp\/v2\/users\/1"}],"replies":[{"embeddable":true,"href":"https:\/\/platogranollers.cat\/es\/wp-json\/wp\/v2\/comments?post=1232"}],"version-history":[{"count":4,"href":"https:\/\/platogranollers.cat\/es\/wp-json\/wp\/v2\/pages\/1232\/revisions"}],"predecessor-version":[{"id":1367,"href":"https:\/\/platogranollers.cat\/es\/wp-json\/wp\/v2\/pages\/1232\/revisions\/1367"}],"wp:attachment":[{"href":"https:\/\/platogranollers.cat\/es\/wp-json\/wp\/v2\/media?parent=1232"}],"curies":[{"name":"wp","href":"https:\/\/api.w.org\/{rel}","templated":true}]}}